{"id":490,"date":"2022-11-07T15:36:03","date_gmt":"2022-11-07T14:36:03","guid":{"rendered":"https:\/\/albyptx.com\/omradet\/"},"modified":"2025-06-03T15:04:41","modified_gmt":"2025-06-03T13:04:41","slug":"background","status":"publish","type":"page","link":"https:\/\/albyptx.com\/en\/background\/","title":{"rendered":"Background"},"content":{"rendered":"<div id=\"cs-content\" class=\"cs-content\"><\/div>\n","protected":false},"excerpt":{"rendered":"<p>Industrial Transition and Local Value Creation \u00c5nge Municipality expressed to that they wanted to create local value from the green energy produced in the region. Together, we are working to make this a reality \u2014 through sustainable aviation fuel, green hydrogen, and wind power. The innovative and sustainable use of local resources, in collaboration with local communities, embodies the partner\u2019s &#8230; <\/p>\n<div><a href=\"https:\/\/albyptx.com\/en\/background\/\" class=\"more-link\">Read More<\/a><\/div>\n","protected":false},"author":1,"featured_media":0,"parent":0,"menu_order":0,"comment_status":"closed","ping_status":"closed","template":"template-blank-4.php","meta":{"inline_featured_image":false,"footnotes":""},"class_list":["post-490","page","type-page","status-publish","hentry","no-post-thumbnail"],"yoast_head":"<!-- This site is optimized with the Yoast SEO plugin v26.4 - https:\/\/yoast.com\/wordpress\/plugins\/seo\/ -->\n<title>Alby i \u00c5nge - Sveriges gr\u00f6na f\u00f6rebild - Alby PtX<\/title>\n<meta name=\"description\" content=\"I Alby, som ligger i \u00c5nge kommun mitt i Sverige, byggs en v\u00e4tgasanl\u00e4ggning som blir en hub f\u00f6r gr\u00f6n energi.\" \/>\n<meta name=\"robots\" content=\"index, follow, max-snippet:-1, max-image-preview:large, max-video-preview:-1\" \/>\n<link rel=\"canonical\" href=\"https:\/\/albyptx.com\/en\/background\/\" \/>\n<meta property=\"og:locale\" content=\"en_US\" \/>\n<meta property=\"og:type\" content=\"article\" \/>\n<meta property=\"og:title\" content=\"Alby i \u00c5nge - Sveriges gr\u00f6na f\u00f6rebild - Alby PtX\" \/>\n<meta property=\"og:description\" content=\"I Alby, som ligger i \u00c5nge kommun mitt i Sverige, byggs en v\u00e4tgasanl\u00e4ggning som blir en hub f\u00f6r gr\u00f6n energi.\" \/>\n<meta property=\"og:url\" content=\"https:\/\/albyptx.com\/en\/background\/\" \/>\n<meta property=\"og:site_name\" content=\"Alby PtX\" \/>\n<meta property=\"article:modified_time\" content=\"2025-06-03T13:04:41+00:00\" \/>\n<meta name=\"twitter:card\" content=\"summary_large_image\" \/>\n<meta name=\"twitter:label1\" content=\"Est. reading time\" \/>\n\t<meta name=\"twitter:data1\" content=\"2 minutes\" \/>\n<script type=\"application\/ld+json\" class=\"yoast-schema-graph\">{\"@context\":\"https:\/\/schema.org\",\"@graph\":[{\"@type\":\"WebPage\",\"@id\":\"https:\/\/albyptx.com\/en\/background\/\",\"url\":\"https:\/\/albyptx.com\/en\/background\/\",\"name\":\"Alby i \u00c5nge - Sveriges gr\u00f6na f\u00f6rebild - Alby PtX\",\"isPartOf\":{\"@id\":\"https:\/\/albyptx.com\/en\/#website\"},\"datePublished\":\"2022-11-07T14:36:03+00:00\",\"dateModified\":\"2025-06-03T13:04:41+00:00\",\"description\":\"I Alby, som ligger i \u00c5nge kommun mitt i Sverige, byggs en v\u00e4tgasanl\u00e4ggning som blir en hub f\u00f6r gr\u00f6n energi.\",\"breadcrumb\":{\"@id\":\"https:\/\/albyptx.com\/en\/background\/#breadcrumb\"},\"inLanguage\":\"en-US\",\"potentialAction\":[{\"@type\":\"ReadAction\",\"target\":[\"https:\/\/albyptx.com\/en\/background\/\"]}]},{\"@type\":\"BreadcrumbList\",\"@id\":\"https:\/\/albyptx.com\/en\/background\/#breadcrumb\",\"itemListElement\":[{\"@type\":\"ListItem\",\"position\":1,\"name\":\"Hem\",\"item\":\"https:\/\/albyptx.com\/en\/home\/\"},{\"@type\":\"ListItem\",\"position\":2,\"name\":\"Background\"}]},{\"@type\":\"WebSite\",\"@id\":\"https:\/\/albyptx.com\/en\/#website\",\"url\":\"https:\/\/albyptx.com\/en\/\",\"name\":\"Alby PtX\",\"description\":\"Paving the way for Sustainable Aviation Fuel\",\"publisher\":{\"@id\":\"https:\/\/albyptx.com\/en\/#organization\"},\"alternateName\":\"Hydrogen Alby\",\"potentialAction\":[{\"@type\":\"SearchAction\",\"target\":{\"@type\":\"EntryPoint\",\"urlTemplate\":\"https:\/\/albyptx.com\/en\/?s={search_term_string}\"},\"query-input\":{\"@type\":\"PropertyValueSpecification\",\"valueRequired\":true,\"valueName\":\"search_term_string\"}}],\"inLanguage\":\"en-US\"},{\"@type\":\"Organization\",\"@id\":\"https:\/\/albyptx.com\/en\/#organization\",\"name\":\"RES Renewable Norden\",\"url\":\"https:\/\/albyptx.com\/en\/\",\"logo\":{\"@type\":\"ImageObject\",\"inLanguage\":\"en-US\",\"@id\":\"https:\/\/albyptx.com\/en\/#\/schema\/logo\/image\/\",\"url\":\"https:\/\/albyptx.com\/wp-content\/uploads\/2022\/10\/logo-res-alby.png\",\"contentUrl\":\"https:\/\/albyptx.com\/wp-content\/uploads\/2022\/10\/logo-res-alby.png\",\"width\":268,\"height\":171,\"caption\":\"RES Renewable Norden\"},\"image\":{\"@id\":\"https:\/\/albyptx.com\/en\/#\/schema\/logo\/image\/\"},\"sameAs\":[\"https:\/\/www.linkedin.com\/showcase\/res-nordics-\/\"]}]}<\/script>\n<!-- \/ Yoast SEO plugin. -->","yoast_head_json":{"title":"Alby i \u00c5nge - Sveriges gr\u00f6na f\u00f6rebild - Alby PtX","description":"I Alby, som ligger i \u00c5nge kommun mitt i Sverige, byggs en v\u00e4tgasanl\u00e4ggning som blir en hub f\u00f6r gr\u00f6n energi.","robots":{"index":"index","follow":"follow","max-snippet":"max-snippet:-1","max-image-preview":"max-image-preview:large","max-video-preview":"max-video-preview:-1"},"canonical":"https:\/\/albyptx.com\/en\/background\/","og_locale":"en_US","og_type":"article","og_title":"Alby i \u00c5nge - Sveriges gr\u00f6na f\u00f6rebild - Alby PtX","og_description":"I Alby, som ligger i \u00c5nge kommun mitt i Sverige, byggs en v\u00e4tgasanl\u00e4ggning som blir en hub f\u00f6r gr\u00f6n energi.","og_url":"https:\/\/albyptx.com\/en\/background\/","og_site_name":"Alby PtX","article_modified_time":"2025-06-03T13:04:41+00:00","twitter_card":"summary_large_image","twitter_misc":{"Est. reading time":"2 minutes"},"schema":{"@context":"https:\/\/schema.org","@graph":[{"@type":"WebPage","@id":"https:\/\/albyptx.com\/en\/background\/","url":"https:\/\/albyptx.com\/en\/background\/","name":"Alby i \u00c5nge - Sveriges gr\u00f6na f\u00f6rebild - Alby PtX","isPartOf":{"@id":"https:\/\/albyptx.com\/en\/#website"},"datePublished":"2022-11-07T14:36:03+00:00","dateModified":"2025-06-03T13:04:41+00:00","description":"I Alby, som ligger i \u00c5nge kommun mitt i Sverige, byggs en v\u00e4tgasanl\u00e4ggning som blir en hub f\u00f6r gr\u00f6n energi.","breadcrumb":{"@id":"https:\/\/albyptx.com\/en\/background\/#breadcrumb"},"inLanguage":"en-US","potentialAction":[{"@type":"ReadAction","target":["https:\/\/albyptx.com\/en\/background\/"]}]},{"@type":"BreadcrumbList","@id":"https:\/\/albyptx.com\/en\/background\/#breadcrumb","itemListElement":[{"@type":"ListItem","position":1,"name":"Hem","item":"https:\/\/albyptx.com\/en\/home\/"},{"@type":"ListItem","position":2,"name":"Background"}]},{"@type":"WebSite","@id":"https:\/\/albyptx.com\/en\/#website","url":"https:\/\/albyptx.com\/en\/","name":"Alby PtX","description":"Paving the way for Sustainable Aviation Fuel","publisher":{"@id":"https:\/\/albyptx.com\/en\/#organization"},"alternateName":"Hydrogen Alby","potentialAction":[{"@type":"SearchAction","target":{"@type":"EntryPoint","urlTemplate":"https:\/\/albyptx.com\/en\/?s={search_term_string}"},"query-input":{"@type":"PropertyValueSpecification","valueRequired":true,"valueName":"search_term_string"}}],"inLanguage":"en-US"},{"@type":"Organization","@id":"https:\/\/albyptx.com\/en\/#organization","name":"RES Renewable Norden","url":"https:\/\/albyptx.com\/en\/","logo":{"@type":"ImageObject","inLanguage":"en-US","@id":"https:\/\/albyptx.com\/en\/#\/schema\/logo\/image\/","url":"https:\/\/albyptx.com\/wp-content\/uploads\/2022\/10\/logo-res-alby.png","contentUrl":"https:\/\/albyptx.com\/wp-content\/uploads\/2022\/10\/logo-res-alby.png","width":268,"height":171,"caption":"RES Renewable Norden"},"image":{"@id":"https:\/\/albyptx.com\/en\/#\/schema\/logo\/image\/"},"sameAs":["https:\/\/www.linkedin.com\/showcase\/res-nordics-\/"]}]}},"_links":{"self":[{"href":"https:\/\/albyptx.com\/en\/wp-json\/wp\/v2\/pages\/490","targetHints":{"allow":["GET"]}}],"collection":[{"href":"https:\/\/albyptx.com\/en\/wp-json\/wp\/v2\/pages"}],"about":[{"href":"https:\/\/albyptx.com\/en\/wp-json\/wp\/v2\/types\/page"}],"author":[{"embeddable":true,"href":"https:\/\/albyptx.com\/en\/wp-json\/wp\/v2\/users\/1"}],"replies":[{"embeddable":true,"href":"https:\/\/albyptx.com\/en\/wp-json\/wp\/v2\/comments?post=490"}],"version-history":[{"count":9,"href":"https:\/\/albyptx.com\/en\/wp-json\/wp\/v2\/pages\/490\/revisions"}],"predecessor-version":[{"id":2550,"href":"https:\/\/albyptx.com\/en\/wp-json\/wp\/v2\/pages\/490\/revisions\/2550"}],"wp:attachment":[{"href":"https:\/\/albyptx.com\/en\/wp-json\/wp\/v2\/media?parent=490"}],"curies":[{"name":"wp","href":"https:\/\/api.w.org\/{rel}","templated":true}]}}