{"id":478,"date":"2022-11-08T12:38:32","date_gmt":"2022-11-08T11:38:32","guid":{"rendered":"https:\/\/albyptx.com\/om-res\/"},"modified":"2024-09-18T14:12:00","modified_gmt":"2024-09-18T12:12:00","slug":"about-res","status":"publish","type":"page","link":"https:\/\/albyptx.com\/en\/about-res\/","title":{"rendered":"About RES"},"content":{"rendered":"<div id=\"cs-content\" class=\"cs-content\"><\/div>\n","protected":false},"excerpt":{"rendered":"<p>Our team in \u00e5nge RES is the world\u2019s largest independent renewable energy company. At the forefront of the industry for over 40 years, RES has delivered more than 23GW of renewable energy projects across the globe and supports an operational asset portfolio exceeding 12GW worldwide for a large client base. MAGNUS DRAHEIM KLING Stakeholder Managermagnus.draheim.kling@res-group.com+46 767 87 88 90ALEXANDRA ANGELBRATT &#8230; <\/p>\n<div><a href=\"https:\/\/albyptx.com\/en\/about-res\/\" class=\"more-link\">Read More<\/a><\/div>\n","protected":false},"author":1,"featured_media":0,"parent":0,"menu_order":0,"comment_status":"closed","ping_status":"closed","template":"template-blank-4.php","meta":{"inline_featured_image":false,"footnotes":""},"class_list":["post-478","page","type-page","status-publish","hentry","no-post-thumbnail"],"yoast_head":"<!-- This site is optimized with the Yoast SEO plugin v26.4 - https:\/\/yoast.com\/wordpress\/plugins\/seo\/ -->\n<title>Om RES i \u00c5nge - Alby PtX<\/title>\n<meta name=\"description\" content=\"Vi p\u00e5 RES i \u00c5nge utvecklar en gr\u00f6n v\u00e4tgasanl\u00e4ggning som markerar startskottet f\u00f6r ett nytt, innovativt industriellt ekosystem i \u00c5nge kommun.\" \/>\n<meta name=\"robots\" content=\"index, follow, max-snippet:-1, max-image-preview:large, max-video-preview:-1\" \/>\n<link rel=\"canonical\" href=\"https:\/\/albyptx.com\/en\/about-res\/\" \/>\n<meta property=\"og:locale\" content=\"en_US\" \/>\n<meta property=\"og:type\" content=\"article\" \/>\n<meta property=\"og:title\" content=\"Om RES i \u00c5nge - Alby PtX\" \/>\n<meta property=\"og:description\" content=\"Vi p\u00e5 RES i \u00c5nge utvecklar en gr\u00f6n v\u00e4tgasanl\u00e4ggning som markerar startskottet f\u00f6r ett nytt, innovativt industriellt ekosystem i \u00c5nge kommun.\" \/>\n<meta property=\"og:url\" content=\"https:\/\/albyptx.com\/en\/about-res\/\" \/>\n<meta property=\"og:site_name\" content=\"Alby PtX\" \/>\n<meta property=\"article:modified_time\" content=\"2024-09-18T12:12:00+00:00\" \/>\n<meta name=\"twitter:card\" content=\"summary_large_image\" \/>\n<meta name=\"twitter:title\" content=\"Om RES i \u00c5nge - Alby PtX\" \/>\n<meta name=\"twitter:description\" content=\"Vi p\u00e5 RES i \u00c5nge utvecklar en gr\u00f6n v\u00e4tgasanl\u00e4ggning som markerar startskottet f\u00f6r ett nytt, innovativt industriellt ekosystem i \u00c5nge kommun.\" \/>\n<meta name=\"twitter:label1\" content=\"Est. reading time\" \/>\n\t<meta name=\"twitter:data1\" content=\"4 minutes\" \/>\n<script type=\"application\/ld+json\" class=\"yoast-schema-graph\">{\"@context\":\"https:\/\/schema.org\",\"@graph\":[{\"@type\":[\"WebPage\",\"AboutPage\"],\"@id\":\"https:\/\/albyptx.com\/en\/about-res\/\",\"url\":\"https:\/\/albyptx.com\/en\/about-res\/\",\"name\":\"Om RES i \u00c5nge - Alby PtX\",\"isPartOf\":{\"@id\":\"https:\/\/albyptx.com\/en\/#website\"},\"datePublished\":\"2022-11-08T11:38:32+00:00\",\"dateModified\":\"2024-09-18T12:12:00+00:00\",\"description\":\"Vi p\u00e5 RES i \u00c5nge utvecklar en gr\u00f6n v\u00e4tgasanl\u00e4ggning som markerar startskottet f\u00f6r ett nytt, innovativt industriellt ekosystem i \u00c5nge kommun.\",\"breadcrumb\":{\"@id\":\"https:\/\/albyptx.com\/en\/about-res\/#breadcrumb\"},\"inLanguage\":\"en-US\",\"potentialAction\":[{\"@type\":\"ReadAction\",\"target\":[\"https:\/\/albyptx.com\/en\/about-res\/\"]}]},{\"@type\":\"BreadcrumbList\",\"@id\":\"https:\/\/albyptx.com\/en\/about-res\/#breadcrumb\",\"itemListElement\":[{\"@type\":\"ListItem\",\"position\":1,\"name\":\"Hem\",\"item\":\"https:\/\/albyptx.com\/en\/home\/\"},{\"@type\":\"ListItem\",\"position\":2,\"name\":\"About RES\"}]},{\"@type\":\"WebSite\",\"@id\":\"https:\/\/albyptx.com\/en\/#website\",\"url\":\"https:\/\/albyptx.com\/en\/\",\"name\":\"Alby PtX\",\"description\":\"Paving the way for Sustainable Aviation Fuel\",\"publisher\":{\"@id\":\"https:\/\/albyptx.com\/en\/#organization\"},\"alternateName\":\"Hydrogen Alby\",\"potentialAction\":[{\"@type\":\"SearchAction\",\"target\":{\"@type\":\"EntryPoint\",\"urlTemplate\":\"https:\/\/albyptx.com\/en\/?s={search_term_string}\"},\"query-input\":{\"@type\":\"PropertyValueSpecification\",\"valueRequired\":true,\"valueName\":\"search_term_string\"}}],\"inLanguage\":\"en-US\"},{\"@type\":\"Organization\",\"@id\":\"https:\/\/albyptx.com\/en\/#organization\",\"name\":\"RES Renewable Norden\",\"url\":\"https:\/\/albyptx.com\/en\/\",\"logo\":{\"@type\":\"ImageObject\",\"inLanguage\":\"en-US\",\"@id\":\"https:\/\/albyptx.com\/en\/#\/schema\/logo\/image\/\",\"url\":\"https:\/\/albyptx.com\/wp-content\/uploads\/2022\/10\/logo-res-alby.png\",\"contentUrl\":\"https:\/\/albyptx.com\/wp-content\/uploads\/2022\/10\/logo-res-alby.png\",\"width\":268,\"height\":171,\"caption\":\"RES Renewable Norden\"},\"image\":{\"@id\":\"https:\/\/albyptx.com\/en\/#\/schema\/logo\/image\/\"},\"sameAs\":[\"https:\/\/www.linkedin.com\/showcase\/res-nordics-\/\"]}]}<\/script>\n<!-- \/ Yoast SEO plugin. -->","yoast_head_json":{"title":"Om RES i \u00c5nge - Alby PtX","description":"Vi p\u00e5 RES i \u00c5nge utvecklar en gr\u00f6n v\u00e4tgasanl\u00e4ggning som markerar startskottet f\u00f6r ett nytt, innovativt industriellt ekosystem i \u00c5nge kommun.","robots":{"index":"index","follow":"follow","max-snippet":"max-snippet:-1","max-image-preview":"max-image-preview:large","max-video-preview":"max-video-preview:-1"},"canonical":"https:\/\/albyptx.com\/en\/about-res\/","og_locale":"en_US","og_type":"article","og_title":"Om RES i \u00c5nge - Alby PtX","og_description":"Vi p\u00e5 RES i \u00c5nge utvecklar en gr\u00f6n v\u00e4tgasanl\u00e4ggning som markerar startskottet f\u00f6r ett nytt, innovativt industriellt ekosystem i \u00c5nge kommun.","og_url":"https:\/\/albyptx.com\/en\/about-res\/","og_site_name":"Alby PtX","article_modified_time":"2024-09-18T12:12:00+00:00","twitter_card":"summary_large_image","twitter_title":"Om RES i \u00c5nge - Alby PtX","twitter_description":"Vi p\u00e5 RES i \u00c5nge utvecklar en gr\u00f6n v\u00e4tgasanl\u00e4ggning som markerar startskottet f\u00f6r ett nytt, innovativt industriellt ekosystem i \u00c5nge kommun.","twitter_misc":{"Est. reading time":"4 minutes"},"schema":{"@context":"https:\/\/schema.org","@graph":[{"@type":["WebPage","AboutPage"],"@id":"https:\/\/albyptx.com\/en\/about-res\/","url":"https:\/\/albyptx.com\/en\/about-res\/","name":"Om RES i \u00c5nge - Alby PtX","isPartOf":{"@id":"https:\/\/albyptx.com\/en\/#website"},"datePublished":"2022-11-08T11:38:32+00:00","dateModified":"2024-09-18T12:12:00+00:00","description":"Vi p\u00e5 RES i \u00c5nge utvecklar en gr\u00f6n v\u00e4tgasanl\u00e4ggning som markerar startskottet f\u00f6r ett nytt, innovativt industriellt ekosystem i \u00c5nge kommun.","breadcrumb":{"@id":"https:\/\/albyptx.com\/en\/about-res\/#breadcrumb"},"inLanguage":"en-US","potentialAction":[{"@type":"ReadAction","target":["https:\/\/albyptx.com\/en\/about-res\/"]}]},{"@type":"BreadcrumbList","@id":"https:\/\/albyptx.com\/en\/about-res\/#breadcrumb","itemListElement":[{"@type":"ListItem","position":1,"name":"Hem","item":"https:\/\/albyptx.com\/en\/home\/"},{"@type":"ListItem","position":2,"name":"About RES"}]},{"@type":"WebSite","@id":"https:\/\/albyptx.com\/en\/#website","url":"https:\/\/albyptx.com\/en\/","name":"Alby PtX","description":"Paving the way for Sustainable Aviation Fuel","publisher":{"@id":"https:\/\/albyptx.com\/en\/#organization"},"alternateName":"Hydrogen Alby","potentialAction":[{"@type":"SearchAction","target":{"@type":"EntryPoint","urlTemplate":"https:\/\/albyptx.com\/en\/?s={search_term_string}"},"query-input":{"@type":"PropertyValueSpecification","valueRequired":true,"valueName":"search_term_string"}}],"inLanguage":"en-US"},{"@type":"Organization","@id":"https:\/\/albyptx.com\/en\/#organization","name":"RES Renewable Norden","url":"https:\/\/albyptx.com\/en\/","logo":{"@type":"ImageObject","inLanguage":"en-US","@id":"https:\/\/albyptx.com\/en\/#\/schema\/logo\/image\/","url":"https:\/\/albyptx.com\/wp-content\/uploads\/2022\/10\/logo-res-alby.png","contentUrl":"https:\/\/albyptx.com\/wp-content\/uploads\/2022\/10\/logo-res-alby.png","width":268,"height":171,"caption":"RES Renewable Norden"},"image":{"@id":"https:\/\/albyptx.com\/en\/#\/schema\/logo\/image\/"},"sameAs":["https:\/\/www.linkedin.com\/showcase\/res-nordics-\/"]}]}},"_links":{"self":[{"href":"https:\/\/albyptx.com\/en\/wp-json\/wp\/v2\/pages\/478","targetHints":{"allow":["GET"]}}],"collection":[{"href":"https:\/\/albyptx.com\/en\/wp-json\/wp\/v2\/pages"}],"about":[{"href":"https:\/\/albyptx.com\/en\/wp-json\/wp\/v2\/types\/page"}],"author":[{"embeddable":true,"href":"https:\/\/albyptx.com\/en\/wp-json\/wp\/v2\/users\/1"}],"replies":[{"embeddable":true,"href":"https:\/\/albyptx.com\/en\/wp-json\/wp\/v2\/comments?post=478"}],"version-history":[{"count":7,"href":"https:\/\/albyptx.com\/en\/wp-json\/wp\/v2\/pages\/478\/revisions"}],"predecessor-version":[{"id":1664,"href":"https:\/\/albyptx.com\/en\/wp-json\/wp\/v2\/pages\/478\/revisions\/1664"}],"wp:attachment":[{"href":"https:\/\/albyptx.com\/en\/wp-json\/wp\/v2\/media?parent=478"}],"curies":[{"name":"wp","href":"https:\/\/api.w.org\/{rel}","templated":true}]}}